{"id":1263,"date":"2024-09-11T21:27:57","date_gmt":"2024-09-11T21:27:57","guid":{"rendered":"https:\/\/beyondthecrosschurch.org\/?page_id=1263"},"modified":"2025-06-04T18:00:34","modified_gmt":"2025-06-04T18:00:34","slug":"lo-que-creemos","status":"publish","type":"page","link":"https:\/\/beyondthecrosschurch.org\/index.php\/lo-que-creemos\/","title":{"rendered":"Lo que creemos"},"content":{"rendered":"<p><div class=\"et_d4_element et_pb_section et_pb_section_0 et_pb_with_background  et_pb_css_mix_blend_mode et_pb_fullwidth_section et_section_regular et_block_section\" >\n\t\t\t\t\n\t\t\t\t\n\t\t\t\t\n\t\t\t\t\n\t\t\t\t\n\t\t\t\t\n\t\t\t\t<section class=\"et_pb_module et_d4_element et_pb_fullwidth_header et_pb_fullwidth_header_0 et_animated et_hover_enabled  et_pb_css_mix_blend_mode et_pb_text_align_center et_pb_bg_layout_dark\">\n\t\t\t\t\n\t\t\t\t\n\t\t\t\t\n\t\t\t\t\n\t\t\t\t<div class=\"et_pb_fullwidth_header_container center\">\n\t\t\t\t\t<div class=\"header-content-container center\">\n\t\t\t\t\t<div class=\"header-content\">\n\t\t\t\t\t\t\n\t\t\t\t\t\t<h1 class=\"et_pb_module_header\">\u00bfQui\u00e9nes somos?<\/h1>\n\t\t\t\t\t\t<span class=\"et_pb_fullwidth_header_subhead\">We\u2019re a community of believers here to serve one another. <\/span>\n\t\t\t\t\t\t<div class=\"et_pb_header_content_wrapper\"><\/div>\n\t\t\t\t\t\t\n\t\t\t\t\t<\/div>\n\t\t\t\t<\/div>\n\t\t\t\t\t\n\t\t\t\t<\/div>\n\t\t\t\t<div class=\"et_pb_fullwidth_header_overlay\"><\/div>\n\t\t\t\t<div class=\"et_pb_fullwidth_header_scroll\"><\/div>\n\t\t\t<\/section>\n\t\t\t\t\n\t\t\t\t\n\t\t\t<\/div><div class=\"et_d4_element et_pb_section et_pb_section_1  et_pb_css_mix_blend_mode et_section_regular et_block_section\" >\n\t\t\t\t\n\t\t\t\t\n\t\t\t\t\n\t\t\t\t\n\t\t\t\t\n\t\t\t\t\n\t\t\t\t<div class=\"et_d4_element et_pb_row et_pb_row_0  et_pb_css_mix_blend_mode et_block_row\">\n\t\t\t\t<div class=\"et_d4_element et_pb_column_4_4 et_pb_column et_pb_column_0  et_pb_css_mix_blend_mode et-last-child et_block_column\">\n\t\t\t\t\n\t\t\t\t\n\t\t\t\t\n\t\t\t\t\n\t\t\t\t<div class=\"et_pb_module et_d4_element et_pb_text et_pb_text_0  et_pb_text_align_left et_pb_bg_layout_light\">\n\t\t\t\t\n\t\t\t\t\n\t\t\t\t\n\t\t\t\t\n\t\t\t\t<div class=\"et_pb_text_inner\"><h2>Creencias Fundamentales<\/h2><\/div>\n\t\t\t<\/div><div class=\"et_pb_module et_d4_element et_pb_text et_pb_text_1  et_pb_text_align_center et_pb_bg_layout_light\">\n\t\t\t\t\n\t\t\t\t\n\t\t\t\t\n\t\t\t\t\n\t\t\t\t<div class=\"et_pb_text_inner\"><p style=\"text-align: center;\">Las siguientes son las creencias fundamentales de la Iglesia MAC. Toda nuestra ense\u00f1anza y ministerio tiene sus ra\u00edces y fluye de las siguientes doctrinas b\u00edblicas.<\/p><\/div>\n\t\t\t<\/div>\n\t\t\t<\/div>\n\t\t\t\t\n\t\t\t\t\n\t\t\t\t\n\t\t\t\t\n\t\t\t<\/div><div class=\"et_d4_element et_pb_row et_pb_row_1  et_pb_css_mix_blend_mode et_block_row\">\n\t\t\t\t<div class=\"et_d4_element et_pb_column_1_3 et_pb_column et_pb_column_1  et_pb_css_mix_blend_mode et_block_column\">\n\t\t\t\t\n\t\t\t\t\n\t\t\t\t\n\t\t\t\t\n\t\t\t\t<div class=\"et_pb_module et_d4_element et_pb_text et_pb_text_2  et_pb_text_align_left et_pb_bg_layout_light\">\n\t\t\t\t\n\t\t\t\t\n\t\t\t\t\n\t\t\t\t\n\t\t\t\t<div class=\"et_pb_text_inner\"><h2><\/h2>\n<h3 align=\"center\" style=\"margin: 0cm 0cm 0.0001pt; text-align: center; line-height: normal; break-after: auto; background-color: white;\"><span lang=\"es\" style=\"font-size: 25.0pt; color: black;\">Dios Padre-Trinidad<o:p><\/o:p><\/span><\/h3><\/div>\n\t\t\t<\/div><div class=\"et_pb_module et_d4_element et_pb_text et_pb_text_3  et_pb_text_align_center et_pb_bg_layout_light\">\n\t\t\t\t\n\t\t\t\t\n\t\t\t\t\n\t\t\t\t\n\t\t\t\t<div class=\"et_pb_text_inner\"><p>Un Dios en tres personas (Dios el Padre, Jes\u00fas el Hijo y el Esp\u00edritu Santo; existiendo en total unidad). Dios Padre es el \u00fanico Dios vivo y verdadero, el Creador de todas las cosas. El se ha revelado a la humanidad como Dios Padre, Hijo y Esp\u00edritu Santo, con distintos atributos personales, pero sin divisi\u00f3n de naturaleza, esencia o ser; Dios Trino (G\u00e9nesis 1:1; Mateo 28:19; 1 Pedro 1:17; 1 Juan 1:5)<\/p><\/div>\n\t\t\t<\/div>\n\t\t\t<\/div><div class=\"et_d4_element et_pb_column_1_3 et_pb_column et_pb_column_2  et_pb_css_mix_blend_mode et_block_column\">\n\t\t\t\t\n\t\t\t\t\n\t\t\t\t\n\t\t\t\t\n\t\t\t\t<div class=\"et_pb_module et_d4_element et_pb_text et_pb_text_4  et_pb_text_align_left et_pb_bg_layout_light\">\n\t\t\t\t\n\t\t\t\t\n\t\t\t\t\n\t\t\t\t\n\t\t\t\t<div class=\"et_pb_text_inner\"><h2>Jesucristo<\/h2><\/div>\n\t\t\t<\/div><div class=\"et_pb_module et_d4_element et_pb_text et_pb_text_5  et_pb_text_align_center et_pb_bg_layout_light\">\n\t\t\t\t\n\t\t\t\t\n\t\t\t\t\n\t\t\t\t\n\t\t\t\t<div class=\"et_pb_text_inner\"><p>Jesucristo, el salvador del mundo-Dios encarnado, que tomo nuestra humanidad (mientras retuvo su posici\u00f3n en la Deidad), vivi\u00f3 una vida sin pecado, muri\u00f3 la muerte que al hombre correspond\u00eda y\u00a0 merec\u00eda, resucit\u00f3 corporalmente de la tumba y ascendi\u00f3 al cielo desde donde intercede por su iglesia, ( <span><a href=\"https:\/\/www.biblegateway.com\/passage\/?search=Philippians%202%3A7-11&amp;version=NIV\">Filipenses 2:7-11<\/a><\/span>). El hizo por la humanidad lo que la humanidad no pod\u00eda hacer por s\u00ed misma. Tambi\u00e9n, creemos que un d\u00eda volver\u00e1 para juzgar a vivos y muertos.<\/p>\n<p>&nbsp;<\/p><\/div>\n\t\t\t<\/div>\n\t\t\t<\/div><div class=\"et_d4_element et_pb_column_1_3 et_pb_column et_pb_column_3  et_pb_css_mix_blend_mode et-last-child et_block_column\">\n\t\t\t\t\n\t\t\t\t\n\t\t\t\t\n\t\t\t\t\n\t\t\t\t<div class=\"et_pb_module et_d4_element et_pb_text et_pb_text_6  et_pb_text_align_left et_pb_bg_layout_light\">\n\t\t\t\t\n\t\t\t\t\n\t\t\t\t\n\t\t\t\t\n\t\t\t\t<div class=\"et_pb_text_inner\"><h2>El Esp\u00edritu Santo<\/h2><\/div>\n\t\t\t<\/div><div class=\"et_pb_module et_d4_element et_pb_text et_pb_text_7  et_pb_text_align_center et_pb_bg_layout_light\">\n\t\t\t\t\n\t\t\t\t\n\t\t\t\t\n\t\t\t\t\n\t\t\t\t<div class=\"et_pb_text_inner\"><p>El Esp\u00edritu Santo est\u00e1 presente y activo en la vida de todo devoto seguidor de Cristo. El papel principal del Esp\u00edritu es dar vida a los muertos en esp\u00edritu, permitir la comunicaci\u00f3n con el Padre a trav\u00e9s de la oraci\u00f3n, convencernos de pecado y darnos sus dones contrarios a la naturaleza humana seg\u00fan, <span><a href=\"https:\/\/www.biblegateway.com\/passage\/?search=G%C3%A1latas%205%3A22-23&amp;version=RVR1960\">G\u00e1latas 5:22-23<\/a><\/span>.<\/p>\n<p>&nbsp;<\/p><\/div>\n\t\t\t<\/div>\n\t\t\t<\/div>\n\t\t\t\t\n\t\t\t\t\n\t\t\t\t\n\t\t\t\t\n\t\t\t<\/div><div class=\"et_d4_element et_pb_row et_pb_row_2  et_pb_css_mix_blend_mode et_block_row\">\n\t\t\t\t<div class=\"et_d4_element et_pb_column_1_2 et_pb_column et_pb_column_4  et_pb_css_mix_blend_mode et_block_column\">\n\t\t\t\t\n\t\t\t\t\n\t\t\t\t\n\t\t\t\t\n\t\t\t\t<div class=\"et_pb_module et_d4_element et_pb_text et_pb_text_8  et_pb_text_align_left et_pb_bg_layout_light\">\n\t\t\t\t\n\t\t\t\t\n\t\t\t\t\n\t\t\t\t\n\t\t\t\t<div class=\"et_pb_text_inner\"><h2>La Biblia<\/h2><\/div>\n\t\t\t<\/div><div class=\"et_pb_module et_d4_element et_pb_text et_pb_text_9  et_pb_text_align_center et_pb_bg_layout_light\">\n\t\t\t\t\n\t\t\t\t\n\t\t\t\t\n\t\t\t\t\n\t\t\t\t<div class=\"et_pb_text_inner\"><p style=\"text-align: justify;\">La Biblia es la auto-revelaci\u00f3n de Dios a la humanidad. Fue escrito por la inspiraci\u00f3n del Esp\u00edritu Santo a trav\u00e9s de escritores que abarcaron cientos de a\u00f1os. Por ende, fue escrita en diversas \u00e9pocas y lugares. Tambi\u00e9n, fue escrita por diferentes autores, con diferentes trasfondos y g\u00e9neros hist\u00f3rico, po\u00e9tico y prof\u00e9tico. En su totalidad revela el poder de Dios, el plan de Dios y la obra redentora de Dios apuntando continuamente a Jesucristo. Como tal, el canon b\u00edblico es infalible y se define como la \u00fanica autoridad capaz y confiable para nuestra vida hoy, ma\u00f1ana, y siempre.<\/p><\/div>\n\t\t\t<\/div>\n\t\t\t<\/div><div class=\"et_d4_element et_pb_column_1_2 et_pb_column et_pb_column_5  et_pb_css_mix_blend_mode et-last-child et_block_column\">\n\t\t\t\t\n\t\t\t\t\n\t\t\t\t\n\t\t\t\t\n\t\t\t\t<div class=\"et_pb_module et_d4_element et_pb_text et_pb_text_10  et_pb_text_align_left et_pb_bg_layout_light\">\n\t\t\t\t\n\t\t\t\t\n\t\t\t\t\n\t\t\t\t\n\t\t\t\t<div class=\"et_pb_text_inner\"><h2>Salvaci\u00f3n<\/h2><\/div>\n\t\t\t<\/div><div class=\"et_pb_module et_d4_element et_pb_text et_pb_text_11  et_pb_text_align_center et_pb_bg_layout_light\">\n\t\t\t\t\n\t\t\t\t\n\t\t\t\t\n\t\t\t\t\n\t\t\t\t<div class=\"et_pb_text_inner\"><p style=\"text-align: justify;\">La humanidad est\u00e1 subyugada (esclavizada) en el pecado, tanto por la herencia de una naturaleza pecaminosa, tambi\u00e9n por la influencia del diablo. La salvaci\u00f3n de la enfermedad terminal del pecado se encuentra \u00fanicamente poniendo la fe en Jesucristo, en su muerte y resurrecci\u00f3n. El pag\u00f3 la pena del pecado, de una vez por todas. Este es un regalo de Dios, no ganado por m\u00e9rito u obras. Una vez salvo, el creyente es una nueva creaci\u00f3n en Cristo y por lo tanto vive por la causa de Cristo y perseverando hasta el fin de su vida terrenal; vidas marcadas por la generosidad, el discipulado, el amor y la humildad.<\/p>\n<p>&nbsp;<\/p><\/div>\n\t\t\t<\/div>\n\t\t\t<\/div>\n\t\t\t\t\n\t\t\t\t\n\t\t\t\t\n\t\t\t\t\n\t\t\t<\/div><div class=\"et_d4_element et_pb_row et_pb_row_3  et_pb_css_mix_blend_mode et_block_row\">\n\t\t\t\t<div class=\"et_d4_element et_pb_column_1_2 et_pb_column et_pb_column_6  et_pb_css_mix_blend_mode et_block_column\">\n\t\t\t\t\n\t\t\t\t\n\t\t\t\t\n\t\t\t\t\n\t\t\t\t<div class=\"et_pb_module et_d4_element et_pb_text et_pb_text_12  et_pb_text_align_left et_pb_bg_layout_light\">\n\t\t\t\t\n\t\t\t\t\n\t\t\t\t\n\t\t\t\t\n\t\t\t\t<div class=\"et_pb_text_inner\"><h2>Enfoque<\/h2><\/div>\n\t\t\t<\/div><div class=\"et_pb_module et_d4_element et_pb_text et_pb_text_13  et_pb_text_align_center et_pb_bg_layout_light\">\n\t\t\t\t\n\t\t\t\t\n\t\t\t\t\n\t\t\t\t\n\t\t\t\t<div class=\"et_pb_text_inner\"><p>El enfoque y la misi\u00f3n de esta Iglesia es ser guiada por el Esp\u00edritu Santo para compartir el evangelio de Jesucristo, y formar a todos bajo la verdad b\u00edblica e incluir a cada uno en una comunidad de fe y compa\u00f1erismo.( Romanos 8:14-15 RV 1960, Hechos 1:8.<\/p><\/div>\n\t\t\t<\/div>\n\t\t\t<\/div><div class=\"et_d4_element et_pb_column_1_2 et_pb_column et_pb_column_7  et_pb_css_mix_blend_mode et-last-child et_block_column\">\n\t\t\t\t\n\t\t\t\t\n\t\t\t\t\n\t\t\t\t\n\t\t\t\t<div class=\"et_pb_module et_d4_element et_pb_text et_pb_text_14  et_pb_text_align_left et_pb_bg_layout_light\">\n\t\t\t\t\n\t\t\t\t\n\t\t\t\t\n\t\t\t\t\n\t\t\t\t<div class=\"et_pb_text_inner\"><h2>Matrimonio<\/h2><\/div>\n\t\t\t<\/div><div class=\"et_pb_module et_d4_element et_pb_text et_pb_text_15  et_pb_text_align_center et_pb_bg_layout_light\">\n\t\t\t\t\n\t\t\t\t\n\t\t\t\t\n\t\t\t\t\n\t\t\t\t<div class=\"et_pb_text_inner\"><p style=\"text-align: justify;\">El matrimonio es una instituci\u00f3n b\u00edblica establecida por Dios como se describe en las Escrituras entre un hombre y una mujer, (Genesis 2:24 NIV).<\/p>\n<p>&nbsp;<\/p><\/div>\n\t\t\t<\/div>\n\t\t\t<\/div>\n\t\t\t\t\n\t\t\t\t\n\t\t\t\t\n\t\t\t\t\n\t\t\t<\/div><div class=\"et_d4_element et_pb_row et_pb_row_4  et_pb_css_mix_blend_mode et_block_row\">\n\t\t\t\t<div class=\"et_d4_element et_pb_column_4_4 et_pb_column et_pb_column_8  et_pb_css_mix_blend_mode et-last-child et_block_column\">\n\t\t\t\t\n\t\t\t\t\n\t\t\t\t\n\t\t\t\t\n\t\t\t\t<div class=\"et_pb_module et_d4_element et_pb_text et_pb_text_16  et_pb_text_align_left et_pb_bg_layout_light\">\n\t\t\t\t\n\t\t\t\t\n\t\t\t\t\n\t\t\t\t\n\t\t\t\t<div class=\"et_pb_text_inner\"><h3 style=\"text-align: center;\"><span style=\"font-size: x-large;\">Estas son nuestras creencias fundamentales, centrales, y representativas, pero no exclusivas ya que no incluyen toda la declaraci\u00f3n de fe de nuestra iglesia.<\/span><\/h3><\/div>\n\t\t\t<\/div>\n\t\t\t<\/div>\n\t\t\t\t\n\t\t\t\t\n\t\t\t\t\n\t\t\t\t\n\t\t\t<\/div>\n\t\t\t\t\n\t\t\t\t\n\t\t\t<\/div><div class=\"et_d4_element et_pb_section et_pb_section_2 et_pb_with_background  et_pb_css_mix_blend_mode et_section_regular et_block_section\" >\n\t\t\t\t\n\t\t\t\t\n\t\t\t\t\n\t\t\t\t\n\t\t\t\t\n\t\t\t\t\n\t\t\t\t<div class=\"et_d4_element et_pb_row et_pb_row_5  et_pb_css_mix_blend_mode et_block_row\">\n\t\t\t\t<div class=\"et_d4_element et_pb_column_4_4 et_pb_column et_pb_column_9  et_pb_css_mix_blend_mode et-last-child et_block_column\">\n\t\t\t\t\n\t\t\t\t\n\t\t\t\t\n\t\t\t\t\n\t\t\t\t<div class=\"et_pb_module et_d4_element et_pb_text et_pb_text_17  et_pb_text_align_left et_pb_bg_layout_dark\">\n\t\t\t\t\n\t\t\t\t\n\t\t\t\t\n\t\t\t\t\n\t\t\t\t<div class=\"et_pb_text_inner\"><h2>Escr\u00edbanos un correo si desea m\u00e1s informaci\u00f3n:<\/h2><\/div>\n\t\t\t<\/div><div class=\"et_pb_module et_d4_element et_pb_text et_pb_text_18  et_pb_text_align_center et_pb_bg_layout_light\">\n\t\t\t\t\n\t\t\t\t\n\t\t\t\t\n\t\t\t\t\n\t\t\t\t<div class=\"et_pb_text_inner\"><p><span style=\"color: #ffffff;\"><a href=\"mailto:iglesiabtc@gmail.com\" target=\"_blank\" rel=\"noopener\" style=\"color: #ffffff;\">iglesiabtc@gmail.com<\/a><\/span>\u00a0<\/p><\/div>\n\t\t\t<\/div>\n\t\t\t<\/div>\n\t\t\t\t\n\t\t\t\t\n\t\t\t\t\n\t\t\t\t\n\t\t\t<\/div>\n\t\t\t\t\n\t\t\t\t\n\t\t\t<\/div><div class=\"et_d4_element et_pb_section et_pb_section_3 et_pb_section_parallax et_pb_with_background  et_pb_css_mix_blend_mode et_section_regular et_block_section\" >\n\t\t\t\t\n\t\t\t\t<span class=\"et_parallax_bg_wrap et-pb-parallax-wrapper\"><span\n\t\t\t\t\t\tclass=\"et_parallax_bg et_parallax_bg--et_pb_section_3\"\n\t\t\t\t\t\tstyle=\"background-image: url(https:\/\/beyondthecrosschurch.org\/wp-content\/uploads\/2021\/02\/iglesia-about-us-66-1.png);\"\n\t\t\t\t\t><\/span><\/span>\n\t\t\t\t\n\t\t\t\t\n\t\t\t\t\n\t\t\t\t\n\t\t\t\t<div class=\"et_d4_element et_pb_row et_pb_row_6 et_pb_row_fullwidth et_animated et_pb_equal_columns et_pb_gutters1  et_pb_css_mix_blend_mode et_block_row\">\n\t\t\t\t<div class=\"et_d4_element et_pb_column_1_2 et_pb_column et_pb_column_10  et_pb_css_mix_blend_mode et_block_column et_pb_column_empty\">\n\t\t\t\t\n\t\t\t\t\n\t\t\t\t\n\t\t\t\t\n\t\t\t\t\n\t\t\t<\/div><div class=\"et_d4_element et_pb_column_1_2 et_pb_column et_pb_column_11  et_pb_css_mix_blend_mode et-last-child et_block_column\">\n\t\t\t\t\n\t\t\t\t\n\t\t\t\t\n\t\t\t\t\n\t\t\t\t<div class=\"et_pb_module et_d4_element et_pb_text et_pb_text_19  et_pb_text_align_left et_pb_bg_layout_dark\">\n\t\t\t\t\n\t\t\t\t\n\t\t\t\t\n\t\t\t\t\n\t\t\t\t<div class=\"et_pb_text_inner\"><h2>Cont\u00e1ctenos<\/h2><\/div>\n\t\t\t<\/div><div class=\"et_pb_module et_d4_element et_pb_text et_pb_text_20  et_pb_text_align_left et_pb_bg_layout_dark\">\n\t\t\t\t\n\t\t\t\t\n\t\t\t\t\n\t\t\t\t\n\t\t\t\t<div class=\"et_pb_text_inner\"><h4>Phone<\/h4>\n<p><span>+1 <span class=\"selectable-text copyable-text false\">(210) 608-5432<\/span><\/span><\/p><\/div>\n\t\t\t<\/div><div class=\"et_pb_module et_d4_element et_pb_text et_pb_text_21  et_pb_text_align_left et_pb_bg_layout_dark\">\n\t\t\t\t\n\t\t\t\t\n\t\t\t\t\n\t\t\t\t\n\t\t\t\t<div class=\"et_pb_text_inner\"><h4>gMail<\/h4>\n<p>iglesiabtc@gmail.com<\/p><\/div>\n\t\t\t<\/div><div class=\"et_pb_module et_d4_element et_pb_text et_pb_text_22  et_pb_text_align_left et_pb_bg_layout_dark\">\n\t\t\t\t\n\t\t\t\t\n\t\t\t\t\n\t\t\t\t\n\t\t\t\t<div class=\"et_pb_text_inner\"><h4>Ubicaci\u00f3n<\/h4>\n<p><span>35 Cascade Cavern Boerne TX 78015\u00a0\u00a0<\/span><\/p><\/div>\n\t\t\t<\/div>\n\t\t\t<\/div>\n\t\t\t\t\n\t\t\t\t\n\t\t\t\t\n\t\t\t\t\n\t\t\t<\/div>\n\t\t\t\t\n\t\t\t\t\n\t\t\t<\/div><\/p>\n","protected":false},"excerpt":{"rendered":"","protected":false},"author":1,"featured_media":0,"parent":0,"menu_order":0,"comment_status":"closed","ping_status":"closed","template":"","meta":{"_et_pb_use_builder":"on","_et_pb_old_content":"","_et_gb_content_width":"","footnotes":""},"class_list":["post-1263","page","type-page","status-publish","hentry"],"yoast_head":"<!-- This site is optimized with the Yoast SEO plugin v27.4 - https:\/\/yoast.com\/product\/yoast-seo-wordpress\/ -->\n<title>Lo que creemos - Beyond The Cross Church<\/title>\n<meta name=\"robots\" content=\"index, follow, max-snippet:-1, max-image-preview:large, max-video-preview:-1\" \/>\n<link rel=\"canonical\" href=\"https:\/\/beyondthecrosschurch.org\/index.php\/lo-que-creemos\/\" \/>\n<meta property=\"og:locale\" content=\"es_ES\" \/>\n<meta property=\"og:type\" content=\"article\" \/>\n<meta property=\"og:title\" content=\"Lo que creemos - Beyond The Cross Church\" \/>\n<meta property=\"og:url\" content=\"https:\/\/beyondthecrosschurch.org\/index.php\/lo-que-creemos\/\" \/>\n<meta property=\"og:site_name\" content=\"Beyond The Cross Church\" \/>\n<meta property=\"article:publisher\" content=\"https:\/\/www.facebook.com\/IH10Boerne\" \/>\n<meta property=\"article:modified_time\" content=\"2025-06-04T18:00:34+00:00\" \/>\n<meta name=\"twitter:card\" content=\"summary_large_image\" \/>\n<meta name=\"twitter:site\" content=\"@masalladelacruz\" \/>\n<script type=\"application\/ld+json\" class=\"yoast-schema-graph\">{\"@context\":\"https:\\\/\\\/schema.org\",\"@graph\":[{\"@type\":\"WebPage\",\"@id\":\"https:\\\/\\\/beyondthecrosschurch.org\\\/index.php\\\/lo-que-creemos\\\/\",\"url\":\"https:\\\/\\\/beyondthecrosschurch.org\\\/index.php\\\/lo-que-creemos\\\/\",\"name\":\"Lo que creemos - Beyond The Cross Church\",\"isPartOf\":{\"@id\":\"https:\\\/\\\/beyondthecrosschurch.org\\\/#website\"},\"datePublished\":\"2024-09-11T21:27:57+00:00\",\"dateModified\":\"2025-06-04T18:00:34+00:00\",\"breadcrumb\":{\"@id\":\"https:\\\/\\\/beyondthecrosschurch.org\\\/index.php\\\/lo-que-creemos\\\/#breadcrumb\"},\"inLanguage\":\"es\",\"potentialAction\":[{\"@type\":\"ReadAction\",\"target\":[\"https:\\\/\\\/beyondthecrosschurch.org\\\/index.php\\\/lo-que-creemos\\\/\"]}]},{\"@type\":\"BreadcrumbList\",\"@id\":\"https:\\\/\\\/beyondthecrosschurch.org\\\/index.php\\\/lo-que-creemos\\\/#breadcrumb\",\"itemListElement\":[{\"@type\":\"ListItem\",\"position\":1,\"name\":\"Portada\",\"item\":\"https:\\\/\\\/beyondthecrosschurch.org\\\/\"},{\"@type\":\"ListItem\",\"position\":2,\"name\":\"Lo que creemos\"}]},{\"@type\":\"WebSite\",\"@id\":\"https:\\\/\\\/beyondthecrosschurch.org\\\/#website\",\"url\":\"https:\\\/\\\/beyondthecrosschurch.org\\\/\",\"name\":\"Beyond The Cross Church\",\"description\":\"M\u00e1s All\u00e1 de la Cruz\",\"publisher\":{\"@id\":\"https:\\\/\\\/beyondthecrosschurch.org\\\/#organization\"},\"potentialAction\":[{\"@type\":\"SearchAction\",\"target\":{\"@type\":\"EntryPoint\",\"urlTemplate\":\"https:\\\/\\\/beyondthecrosschurch.org\\\/?s={search_term_string}\"},\"query-input\":{\"@type\":\"PropertyValueSpecification\",\"valueRequired\":true,\"valueName\":\"search_term_string\"}}],\"inLanguage\":\"es\"},{\"@type\":\"Organization\",\"@id\":\"https:\\\/\\\/beyondthecrosschurch.org\\\/#organization\",\"name\":\"beyond the cross church\",\"url\":\"https:\\\/\\\/beyondthecrosschurch.org\\\/\",\"logo\":{\"@type\":\"ImageObject\",\"inLanguage\":\"es\",\"@id\":\"https:\\\/\\\/beyondthecrosschurch.org\\\/#\\\/schema\\\/logo\\\/image\\\/\",\"url\":\"https:\\\/\\\/beyondthecrosschurch.org\\\/wp-content\\\/uploads\\\/2021\\\/01\\\/cropped-BTC_2-Color-Spanish-oficial_1.jpg\",\"contentUrl\":\"https:\\\/\\\/beyondthecrosschurch.org\\\/wp-content\\\/uploads\\\/2021\\\/01\\\/cropped-BTC_2-Color-Spanish-oficial_1.jpg\",\"width\":512,\"height\":512,\"caption\":\"beyond the cross church\"},\"image\":{\"@id\":\"https:\\\/\\\/beyondthecrosschurch.org\\\/#\\\/schema\\\/logo\\\/image\\\/\"},\"sameAs\":[\"https:\\\/\\\/www.facebook.com\\\/IH10Boerne\",\"https:\\\/\\\/x.com\\\/masalladelacruz\",\"https:\\\/\\\/www.instagram.com\\\/masalladelacruz\\\/\"]}]}<\/script>\n<!-- \/ Yoast SEO plugin. -->","yoast_head_json":{"title":"Lo que creemos - Beyond The Cross Church","robots":{"index":"index","follow":"follow","max-snippet":"max-snippet:-1","max-image-preview":"max-image-preview:large","max-video-preview":"max-video-preview:-1"},"canonical":"https:\/\/beyondthecrosschurch.org\/index.php\/lo-que-creemos\/","og_locale":"es_ES","og_type":"article","og_title":"Lo que creemos - Beyond The Cross Church","og_url":"https:\/\/beyondthecrosschurch.org\/index.php\/lo-que-creemos\/","og_site_name":"Beyond The Cross Church","article_publisher":"https:\/\/www.facebook.com\/IH10Boerne","article_modified_time":"2025-06-04T18:00:34+00:00","twitter_card":"summary_large_image","twitter_site":"@masalladelacruz","schema":{"@context":"https:\/\/schema.org","@graph":[{"@type":"WebPage","@id":"https:\/\/beyondthecrosschurch.org\/index.php\/lo-que-creemos\/","url":"https:\/\/beyondthecrosschurch.org\/index.php\/lo-que-creemos\/","name":"Lo que creemos - Beyond The Cross Church","isPartOf":{"@id":"https:\/\/beyondthecrosschurch.org\/#website"},"datePublished":"2024-09-11T21:27:57+00:00","dateModified":"2025-06-04T18:00:34+00:00","breadcrumb":{"@id":"https:\/\/beyondthecrosschurch.org\/index.php\/lo-que-creemos\/#breadcrumb"},"inLanguage":"es","potentialAction":[{"@type":"ReadAction","target":["https:\/\/beyondthecrosschurch.org\/index.php\/lo-que-creemos\/"]}]},{"@type":"BreadcrumbList","@id":"https:\/\/beyondthecrosschurch.org\/index.php\/lo-que-creemos\/#breadcrumb","itemListElement":[{"@type":"ListItem","position":1,"name":"Portada","item":"https:\/\/beyondthecrosschurch.org\/"},{"@type":"ListItem","position":2,"name":"Lo que creemos"}]},{"@type":"WebSite","@id":"https:\/\/beyondthecrosschurch.org\/#website","url":"https:\/\/beyondthecrosschurch.org\/","name":"Beyond The Cross Church","description":"M\u00e1s All\u00e1 de la Cruz","publisher":{"@id":"https:\/\/beyondthecrosschurch.org\/#organization"},"potentialAction":[{"@type":"SearchAction","target":{"@type":"EntryPoint","urlTemplate":"https:\/\/beyondthecrosschurch.org\/?s={search_term_string}"},"query-input":{"@type":"PropertyValueSpecification","valueRequired":true,"valueName":"search_term_string"}}],"inLanguage":"es"},{"@type":"Organization","@id":"https:\/\/beyondthecrosschurch.org\/#organization","name":"beyond the cross church","url":"https:\/\/beyondthecrosschurch.org\/","logo":{"@type":"ImageObject","inLanguage":"es","@id":"https:\/\/beyondthecrosschurch.org\/#\/schema\/logo\/image\/","url":"https:\/\/beyondthecrosschurch.org\/wp-content\/uploads\/2021\/01\/cropped-BTC_2-Color-Spanish-oficial_1.jpg","contentUrl":"https:\/\/beyondthecrosschurch.org\/wp-content\/uploads\/2021\/01\/cropped-BTC_2-Color-Spanish-oficial_1.jpg","width":512,"height":512,"caption":"beyond the cross church"},"image":{"@id":"https:\/\/beyondthecrosschurch.org\/#\/schema\/logo\/image\/"},"sameAs":["https:\/\/www.facebook.com\/IH10Boerne","https:\/\/x.com\/masalladelacruz","https:\/\/www.instagram.com\/masalladelacruz\/"]}]}},"jetpack_sharing_enabled":true,"_links":{"self":[{"href":"https:\/\/beyondthecrosschurch.org\/index.php\/wp-json\/wp\/v2\/pages\/1263","targetHints":{"allow":["GET"]}}],"collection":[{"href":"https:\/\/beyondthecrosschurch.org\/index.php\/wp-json\/wp\/v2\/pages"}],"about":[{"href":"https:\/\/beyondthecrosschurch.org\/index.php\/wp-json\/wp\/v2\/types\/page"}],"author":[{"embeddable":true,"href":"https:\/\/beyondthecrosschurch.org\/index.php\/wp-json\/wp\/v2\/users\/1"}],"replies":[{"embeddable":true,"href":"https:\/\/beyondthecrosschurch.org\/index.php\/wp-json\/wp\/v2\/comments?post=1263"}],"version-history":[{"count":6,"href":"https:\/\/beyondthecrosschurch.org\/index.php\/wp-json\/wp\/v2\/pages\/1263\/revisions"}],"predecessor-version":[{"id":1310,"href":"https:\/\/beyondthecrosschurch.org\/index.php\/wp-json\/wp\/v2\/pages\/1263\/revisions\/1310"}],"wp:attachment":[{"href":"https:\/\/beyondthecrosschurch.org\/index.php\/wp-json\/wp\/v2\/media?parent=1263"}],"curies":[{"name":"wp","href":"https:\/\/api.w.org\/{rel}","templated":true}]}}