{"id":1250,"date":"2024-09-11T17:24:52","date_gmt":"2024-09-11T17:24:52","guid":{"rendered":"https:\/\/beyondthecrosschurch.org\/?page_id=1250"},"modified":"2025-06-04T18:00:47","modified_gmt":"2025-06-04T18:00:47","slug":"mision-y-vision","status":"publish","type":"page","link":"https:\/\/beyondthecrosschurch.org\/index.php\/mision-y-vision\/","title":{"rendered":"Misi\u00f3n y visi\u00f3n"},"content":{"rendered":"<p><div class=\"et_d4_element et_pb_section et_pb_section_0 et_pb_with_background  et_pb_css_mix_blend_mode et_pb_fullwidth_section et_section_regular et_block_section\" >\n\t\t\t\t\n\t\t\t\t\n\t\t\t\t\n\t\t\t\t\n\t\t\t\t\n\t\t\t\t\n\t\t\t\t<section class=\"et_pb_module et_d4_element et_pb_fullwidth_header et_pb_fullwidth_header_0 et_animated et_hover_enabled  et_pb_css_mix_blend_mode et_pb_text_align_center et_pb_bg_layout_dark\">\n\t\t\t\t\n\t\t\t\t\n\t\t\t\t\n\t\t\t\t\n\t\t\t\t<div class=\"et_pb_fullwidth_header_container center\">\n\t\t\t\t\t<div class=\"header-content-container center\">\n\t\t\t\t\t<div class=\"header-content\">\n\t\t\t\t\t\t\n\t\t\t\t\t\t<h1 class=\"et_pb_module_header\">\u00bfQui\u00e9nes somos?<\/h1>\n\t\t\t\t\t\t<span class=\"et_pb_fullwidth_header_subhead\">We\u2019re a community of believers here to serve one another. <\/span>\n\t\t\t\t\t\t<div class=\"et_pb_header_content_wrapper\"><\/div>\n\t\t\t\t\t\t\n\t\t\t\t\t<\/div>\n\t\t\t\t<\/div>\n\t\t\t\t\t\n\t\t\t\t<\/div>\n\t\t\t\t<div class=\"et_pb_fullwidth_header_overlay\"><\/div>\n\t\t\t\t<div class=\"et_pb_fullwidth_header_scroll\"><\/div>\n\t\t\t<\/section>\n\t\t\t\t\n\t\t\t\t\n\t\t\t<\/div><div class=\"et_d4_element et_pb_section et_pb_section_1  et_pb_css_mix_blend_mode et_section_regular et_block_section\" >\n\t\t\t\t\n\t\t\t\t\n\t\t\t\t\n\t\t\t\t\n\t\t\t\t\n\t\t\t\t\n\t\t\t\t<div class=\"et_d4_element et_pb_row et_pb_row_0  et_pb_css_mix_blend_mode et_block_row\">\n\t\t\t\t<div class=\"et_d4_element et_pb_column_1_2 et_pb_column et_pb_column_0  et_pb_css_mix_blend_mode et_block_column\">\n\t\t\t\t\n\t\t\t\t\n\t\t\t\t\n\t\t\t\t\n\t\t\t\t<div class=\"et_pb_module et_d4_element et_pb_text et_pb_text_0  et_pb_text_align_left et_pb_bg_layout_light\">\n\t\t\t\t\n\t\t\t\t\n\t\t\t\t\n\t\t\t\t\n\t\t\t\t<div class=\"et_pb_text_inner\"><h2>Nuestra misi\u00f3n<\/h2><\/div>\n\t\t\t<\/div><div class=\"et_pb_module et_d4_element et_pb_text et_pb_text_1  et_pb_text_align_center et_pb_bg_layout_light\">\n\t\t\t\t\n\t\t\t\t\n\t\t\t\t\n\t\t\t\t\n\t\t\t\t<div class=\"et_pb_text_inner\"><p style=\"text-align: justify;\">La Iglesia M\u00e1s All\u00e1 de la Cruz es una comunidad de personas que viven en, por, y para Cristo Jes\u00fas, comprometidos con los prop\u00f3sitos de Su Reino (Filipenses 3:20). Nos esforzamos por vivir alineados a los valores y prioridades del Reino de Dios, basados en Su Palabra (2 Timoteo 3:16-17). Nuestra misi\u00f3n es ser las manos, pies y voz de Cristo en nuestra comunidad, ciudad, y m\u00e1s all\u00e1, siguiendo sus mandatos (Santiago 1:22-27) y evangelizando (Mateo 28:19).<\/p><\/div>\n\t\t\t<\/div>\n\t\t\t<\/div><div class=\"et_d4_element et_pb_column_1_2 et_pb_column et_pb_column_1  et_pb_css_mix_blend_mode et-last-child et_block_column\">\n\t\t\t\t\n\t\t\t\t\n\t\t\t\t\n\t\t\t\t\n\t\t\t\t<div class=\"et_pb_module et_d4_element et_pb_text et_pb_text_2  et_pb_text_align_left et_pb_bg_layout_light\">\n\t\t\t\t\n\t\t\t\t\n\t\t\t\t\n\t\t\t\t\n\t\t\t\t<div class=\"et_pb_text_inner\"><h2>Nuestra visi\u00f3n<\/h2><\/div>\n\t\t\t<\/div><div class=\"et_pb_module et_d4_element et_pb_text et_pb_text_3  et_pb_text_align_center et_pb_bg_layout_light\">\n\t\t\t\t\n\t\t\t\t\n\t\t\t\t\n\t\t\t\t\n\t\t\t\t<div class=\"et_pb_text_inner\"><p style=\"text-align: justify;\">Reconocemos que somos pecadores, perdonados no por nuestras obras, sino para buenas obras. Somos salvos por gracia a trav\u00e9s de la fe, un regalo de Dios (Efesios 2:8). Por ello, compartimos este regalo con el mundo (Juan 3:16). Buscamos promover un ADN misionero en cada miembro de la iglesia (Mateo 28:19-20), y vivir vidas impulsadas por el amor de Cristo (2 Corintios 5:14-15).<\/p>\n<p>&nbsp;<\/p><\/div>\n\t\t\t<\/div>\n\t\t\t<\/div>\n\t\t\t\t\n\t\t\t\t\n\t\t\t\t\n\t\t\t\t\n\t\t\t<\/div>\n\t\t\t\t\n\t\t\t\t\n\t\t\t<\/div><div class=\"et_d4_element et_pb_section et_pb_section_2 et_pb_with_background  et_pb_css_mix_blend_mode et_section_regular et_block_section\" >\n\t\t\t\t\n\t\t\t\t\n\t\t\t\t\n\t\t\t\t\n\t\t\t\t\n\t\t\t\t\n\t\t\t\t<div class=\"et_d4_element et_pb_row et_pb_row_1  et_pb_css_mix_blend_mode et_block_row\">\n\t\t\t\t<div class=\"et_d4_element et_pb_column_4_4 et_pb_column et_pb_column_2  et_pb_css_mix_blend_mode et-last-child et_block_column\">\n\t\t\t\t\n\t\t\t\t\n\t\t\t\t\n\t\t\t\t\n\t\t\t\t<div class=\"et_pb_module et_d4_element et_pb_text et_pb_text_4  et_pb_text_align_left et_pb_bg_layout_dark\">\n\t\t\t\t\n\t\t\t\t\n\t\t\t\t\n\t\t\t\t\n\t\t\t\t<div class=\"et_pb_text_inner\"><h2>Escr\u00edbanos un correo si desea m\u00e1s informaci\u00f3n:<\/h2><\/div>\n\t\t\t<\/div><div class=\"et_pb_module et_d4_element et_pb_text et_pb_text_5  et_pb_text_align_center et_pb_bg_layout_light\">\n\t\t\t\t\n\t\t\t\t\n\t\t\t\t\n\t\t\t\t\n\t\t\t\t<div class=\"et_pb_text_inner\"><p><span style=\"color: #ffffff;\"><a href=\"mailto:iglesiabtc@gmail.com\" target=\"_blank\" rel=\"noopener\" style=\"color: #ffffff;\">iglesiabtc@gmail.com<\/a><\/span>\u00a0<\/p><\/div>\n\t\t\t<\/div>\n\t\t\t<\/div>\n\t\t\t\t\n\t\t\t\t\n\t\t\t\t\n\t\t\t\t\n\t\t\t<\/div>\n\t\t\t\t\n\t\t\t\t\n\t\t\t<\/div><div class=\"et_d4_element et_pb_section et_pb_section_3 et_pb_section_parallax et_pb_with_background  et_pb_css_mix_blend_mode et_section_regular et_block_section\" >\n\t\t\t\t\n\t\t\t\t<span class=\"et_parallax_bg_wrap et-pb-parallax-wrapper\"><span\n\t\t\t\t\t\tclass=\"et_parallax_bg et_parallax_bg--et_pb_section_3\"\n\t\t\t\t\t\tstyle=\"background-image: url(https:\/\/beyondthecrosschurch.org\/wp-content\/uploads\/2021\/02\/iglesia-about-us-66-1.png);\"\n\t\t\t\t\t><\/span><\/span>\n\t\t\t\t\n\t\t\t\t\n\t\t\t\t\n\t\t\t\t\n\t\t\t\t<div class=\"et_d4_element et_pb_row et_pb_row_2 et_pb_row_fullwidth et_animated et_pb_equal_columns et_pb_gutters1  et_pb_css_mix_blend_mode et_block_row\">\n\t\t\t\t<div class=\"et_d4_element et_pb_column_1_2 et_pb_column et_pb_column_3  et_pb_css_mix_blend_mode et_block_column et_pb_column_empty\">\n\t\t\t\t\n\t\t\t\t\n\t\t\t\t\n\t\t\t\t\n\t\t\t\t\n\t\t\t<\/div><div class=\"et_d4_element et_pb_column_1_2 et_pb_column et_pb_column_4  et_pb_css_mix_blend_mode et-last-child et_block_column\">\n\t\t\t\t\n\t\t\t\t\n\t\t\t\t\n\t\t\t\t\n\t\t\t\t<div class=\"et_pb_module et_d4_element et_pb_text et_pb_text_6  et_pb_text_align_left et_pb_bg_layout_dark\">\n\t\t\t\t\n\t\t\t\t\n\t\t\t\t\n\t\t\t\t\n\t\t\t\t<div class=\"et_pb_text_inner\"><h2>Cont\u00e1ctenos<\/h2><\/div>\n\t\t\t<\/div><div class=\"et_pb_module et_d4_element et_pb_text et_pb_text_7  et_pb_text_align_left et_pb_bg_layout_dark\">\n\t\t\t\t\n\t\t\t\t\n\t\t\t\t\n\t\t\t\t\n\t\t\t\t<div class=\"et_pb_text_inner\"><h4>Phone<\/h4>\n<p><span>+1 <span class=\"selectable-text copyable-text false\">(210) 608-5432<\/span><\/span><\/p><\/div>\n\t\t\t<\/div><div class=\"et_pb_module et_d4_element et_pb_text et_pb_text_8  et_pb_text_align_left et_pb_bg_layout_dark\">\n\t\t\t\t\n\t\t\t\t\n\t\t\t\t\n\t\t\t\t\n\t\t\t\t<div class=\"et_pb_text_inner\"><h4>gMail<\/h4>\n<p>iglesiabtc@gmail.com<\/p><\/div>\n\t\t\t<\/div><div class=\"et_pb_module et_d4_element et_pb_text et_pb_text_9  et_pb_text_align_left et_pb_bg_layout_dark\">\n\t\t\t\t\n\t\t\t\t\n\t\t\t\t\n\t\t\t\t\n\t\t\t\t<div class=\"et_pb_text_inner\"><h4>Ubicaci\u00f3n<\/h4>\n<p><span>35 Cascade Cavern Boerne TX 78015\u00a0\u00a0<\/span><\/p><\/div>\n\t\t\t<\/div>\n\t\t\t<\/div>\n\t\t\t\t\n\t\t\t\t\n\t\t\t\t\n\t\t\t\t\n\t\t\t<\/div>\n\t\t\t\t\n\t\t\t\t\n\t\t\t<\/div><\/p>\n","protected":false},"excerpt":{"rendered":"","protected":false},"author":1,"featured_media":0,"parent":0,"menu_order":0,"comment_status":"closed","ping_status":"closed","template":"","meta":{"_et_pb_use_builder":"on","_et_pb_old_content":"","_et_gb_content_width":"","footnotes":""},"class_list":["post-1250","page","type-page","status-publish","hentry"],"yoast_head":"<!-- This site is optimized with the Yoast SEO plugin v27.4 - https:\/\/yoast.com\/product\/yoast-seo-wordpress\/ -->\n<title>Misi\u00f3n y visi\u00f3n - Beyond The Cross Church<\/title>\n<meta name=\"robots\" content=\"index, follow, max-snippet:-1, max-image-preview:large, max-video-preview:-1\" \/>\n<link rel=\"canonical\" href=\"https:\/\/beyondthecrosschurch.org\/index.php\/mision-y-vision\/\" \/>\n<meta property=\"og:locale\" content=\"es_ES\" \/>\n<meta property=\"og:type\" content=\"article\" \/>\n<meta property=\"og:title\" content=\"Misi\u00f3n y visi\u00f3n - Beyond The Cross Church\" \/>\n<meta property=\"og:url\" content=\"https:\/\/beyondthecrosschurch.org\/index.php\/mision-y-vision\/\" \/>\n<meta property=\"og:site_name\" content=\"Beyond The Cross Church\" \/>\n<meta property=\"article:publisher\" content=\"https:\/\/www.facebook.com\/IH10Boerne\" \/>\n<meta property=\"article:modified_time\" content=\"2025-06-04T18:00:47+00:00\" \/>\n<meta name=\"twitter:card\" content=\"summary_large_image\" \/>\n<meta name=\"twitter:site\" content=\"@masalladelacruz\" \/>\n<script type=\"application\/ld+json\" class=\"yoast-schema-graph\">{\"@context\":\"https:\\\/\\\/schema.org\",\"@graph\":[{\"@type\":\"WebPage\",\"@id\":\"https:\\\/\\\/beyondthecrosschurch.org\\\/index.php\\\/mision-y-vision\\\/\",\"url\":\"https:\\\/\\\/beyondthecrosschurch.org\\\/index.php\\\/mision-y-vision\\\/\",\"name\":\"Misi\u00f3n y visi\u00f3n - Beyond The Cross Church\",\"isPartOf\":{\"@id\":\"https:\\\/\\\/beyondthecrosschurch.org\\\/#website\"},\"datePublished\":\"2024-09-11T17:24:52+00:00\",\"dateModified\":\"2025-06-04T18:00:47+00:00\",\"breadcrumb\":{\"@id\":\"https:\\\/\\\/beyondthecrosschurch.org\\\/index.php\\\/mision-y-vision\\\/#breadcrumb\"},\"inLanguage\":\"es\",\"potentialAction\":[{\"@type\":\"ReadAction\",\"target\":[\"https:\\\/\\\/beyondthecrosschurch.org\\\/index.php\\\/mision-y-vision\\\/\"]}]},{\"@type\":\"BreadcrumbList\",\"@id\":\"https:\\\/\\\/beyondthecrosschurch.org\\\/index.php\\\/mision-y-vision\\\/#breadcrumb\",\"itemListElement\":[{\"@type\":\"ListItem\",\"position\":1,\"name\":\"Portada\",\"item\":\"https:\\\/\\\/beyondthecrosschurch.org\\\/\"},{\"@type\":\"ListItem\",\"position\":2,\"name\":\"Misi\u00f3n y visi\u00f3n\"}]},{\"@type\":\"WebSite\",\"@id\":\"https:\\\/\\\/beyondthecrosschurch.org\\\/#website\",\"url\":\"https:\\\/\\\/beyondthecrosschurch.org\\\/\",\"name\":\"Beyond The Cross Church\",\"description\":\"M\u00e1s All\u00e1 de la Cruz\",\"publisher\":{\"@id\":\"https:\\\/\\\/beyondthecrosschurch.org\\\/#organization\"},\"potentialAction\":[{\"@type\":\"SearchAction\",\"target\":{\"@type\":\"EntryPoint\",\"urlTemplate\":\"https:\\\/\\\/beyondthecrosschurch.org\\\/?s={search_term_string}\"},\"query-input\":{\"@type\":\"PropertyValueSpecification\",\"valueRequired\":true,\"valueName\":\"search_term_string\"}}],\"inLanguage\":\"es\"},{\"@type\":\"Organization\",\"@id\":\"https:\\\/\\\/beyondthecrosschurch.org\\\/#organization\",\"name\":\"beyond the cross church\",\"url\":\"https:\\\/\\\/beyondthecrosschurch.org\\\/\",\"logo\":{\"@type\":\"ImageObject\",\"inLanguage\":\"es\",\"@id\":\"https:\\\/\\\/beyondthecrosschurch.org\\\/#\\\/schema\\\/logo\\\/image\\\/\",\"url\":\"https:\\\/\\\/beyondthecrosschurch.org\\\/wp-content\\\/uploads\\\/2021\\\/01\\\/cropped-BTC_2-Color-Spanish-oficial_1.jpg\",\"contentUrl\":\"https:\\\/\\\/beyondthecrosschurch.org\\\/wp-content\\\/uploads\\\/2021\\\/01\\\/cropped-BTC_2-Color-Spanish-oficial_1.jpg\",\"width\":512,\"height\":512,\"caption\":\"beyond the cross church\"},\"image\":{\"@id\":\"https:\\\/\\\/beyondthecrosschurch.org\\\/#\\\/schema\\\/logo\\\/image\\\/\"},\"sameAs\":[\"https:\\\/\\\/www.facebook.com\\\/IH10Boerne\",\"https:\\\/\\\/x.com\\\/masalladelacruz\",\"https:\\\/\\\/www.instagram.com\\\/masalladelacruz\\\/\"]}]}<\/script>\n<!-- \/ Yoast SEO plugin. -->","yoast_head_json":{"title":"Misi\u00f3n y visi\u00f3n - Beyond The Cross Church","robots":{"index":"index","follow":"follow","max-snippet":"max-snippet:-1","max-image-preview":"max-image-preview:large","max-video-preview":"max-video-preview:-1"},"canonical":"https:\/\/beyondthecrosschurch.org\/index.php\/mision-y-vision\/","og_locale":"es_ES","og_type":"article","og_title":"Misi\u00f3n y visi\u00f3n - Beyond The Cross Church","og_url":"https:\/\/beyondthecrosschurch.org\/index.php\/mision-y-vision\/","og_site_name":"Beyond The Cross Church","article_publisher":"https:\/\/www.facebook.com\/IH10Boerne","article_modified_time":"2025-06-04T18:00:47+00:00","twitter_card":"summary_large_image","twitter_site":"@masalladelacruz","schema":{"@context":"https:\/\/schema.org","@graph":[{"@type":"WebPage","@id":"https:\/\/beyondthecrosschurch.org\/index.php\/mision-y-vision\/","url":"https:\/\/beyondthecrosschurch.org\/index.php\/mision-y-vision\/","name":"Misi\u00f3n y visi\u00f3n - Beyond The Cross Church","isPartOf":{"@id":"https:\/\/beyondthecrosschurch.org\/#website"},"datePublished":"2024-09-11T17:24:52+00:00","dateModified":"2025-06-04T18:00:47+00:00","breadcrumb":{"@id":"https:\/\/beyondthecrosschurch.org\/index.php\/mision-y-vision\/#breadcrumb"},"inLanguage":"es","potentialAction":[{"@type":"ReadAction","target":["https:\/\/beyondthecrosschurch.org\/index.php\/mision-y-vision\/"]}]},{"@type":"BreadcrumbList","@id":"https:\/\/beyondthecrosschurch.org\/index.php\/mision-y-vision\/#breadcrumb","itemListElement":[{"@type":"ListItem","position":1,"name":"Portada","item":"https:\/\/beyondthecrosschurch.org\/"},{"@type":"ListItem","position":2,"name":"Misi\u00f3n y visi\u00f3n"}]},{"@type":"WebSite","@id":"https:\/\/beyondthecrosschurch.org\/#website","url":"https:\/\/beyondthecrosschurch.org\/","name":"Beyond The Cross Church","description":"M\u00e1s All\u00e1 de la Cruz","publisher":{"@id":"https:\/\/beyondthecrosschurch.org\/#organization"},"potentialAction":[{"@type":"SearchAction","target":{"@type":"EntryPoint","urlTemplate":"https:\/\/beyondthecrosschurch.org\/?s={search_term_string}"},"query-input":{"@type":"PropertyValueSpecification","valueRequired":true,"valueName":"search_term_string"}}],"inLanguage":"es"},{"@type":"Organization","@id":"https:\/\/beyondthecrosschurch.org\/#organization","name":"beyond the cross church","url":"https:\/\/beyondthecrosschurch.org\/","logo":{"@type":"ImageObject","inLanguage":"es","@id":"https:\/\/beyondthecrosschurch.org\/#\/schema\/logo\/image\/","url":"https:\/\/beyondthecrosschurch.org\/wp-content\/uploads\/2021\/01\/cropped-BTC_2-Color-Spanish-oficial_1.jpg","contentUrl":"https:\/\/beyondthecrosschurch.org\/wp-content\/uploads\/2021\/01\/cropped-BTC_2-Color-Spanish-oficial_1.jpg","width":512,"height":512,"caption":"beyond the cross church"},"image":{"@id":"https:\/\/beyondthecrosschurch.org\/#\/schema\/logo\/image\/"},"sameAs":["https:\/\/www.facebook.com\/IH10Boerne","https:\/\/x.com\/masalladelacruz","https:\/\/www.instagram.com\/masalladelacruz\/"]}]}},"jetpack_sharing_enabled":true,"_links":{"self":[{"href":"https:\/\/beyondthecrosschurch.org\/index.php\/wp-json\/wp\/v2\/pages\/1250","targetHints":{"allow":["GET"]}}],"collection":[{"href":"https:\/\/beyondthecrosschurch.org\/index.php\/wp-json\/wp\/v2\/pages"}],"about":[{"href":"https:\/\/beyondthecrosschurch.org\/index.php\/wp-json\/wp\/v2\/types\/page"}],"author":[{"embeddable":true,"href":"https:\/\/beyondthecrosschurch.org\/index.php\/wp-json\/wp\/v2\/users\/1"}],"replies":[{"embeddable":true,"href":"https:\/\/beyondthecrosschurch.org\/index.php\/wp-json\/wp\/v2\/comments?post=1250"}],"version-history":[{"count":5,"href":"https:\/\/beyondthecrosschurch.org\/index.php\/wp-json\/wp\/v2\/pages\/1250\/revisions"}],"predecessor-version":[{"id":1311,"href":"https:\/\/beyondthecrosschurch.org\/index.php\/wp-json\/wp\/v2\/pages\/1250\/revisions\/1311"}],"wp:attachment":[{"href":"https:\/\/beyondthecrosschurch.org\/index.php\/wp-json\/wp\/v2\/media?parent=1250"}],"curies":[{"name":"wp","href":"https:\/\/api.w.org\/{rel}","templated":true}]}}